{"id":53,"date":"2019-04-18T11:16:34","date_gmt":"2019-04-18T11:16:34","guid":{"rendered":"https:\/\/envothemes.com\/envo-ecommerce\/?page_id=53"},"modified":"2024-06-11T13:38:13","modified_gmt":"2024-06-11T11:38:13","slug":"about-us","status":"publish","type":"page","link":"https:\/\/lokalneecho.online\/","title":{"rendered":"Polityka Prywatno\u015bci, Ciasteczka i RODO"},"content":{"rendered":"<p><strong>1. Polityka Prywatno\u015bci:<\/strong><\/p>\n<p>Twoja prywatno\u015b\u0107 jest dla naszej firmy bardzo wa\u017cna. W ramach naszej polityki prywatno\u015bci zapewniamy, \u017ce wszelkie informacje, kt\u00f3re nam przekazujesz, s\u0105 traktowane z pe\u0142nym szacunkiem i poufno\u015bci\u0105. Niniejsza polityka okre\u015bla, jakie informacje zbieramy od u\u017cytkownik\u00f3w, w jaki spos\u00f3b je wykorzystujemy i zabezpieczamy.<\/p>\n<p><strong>2. Ciasteczka (Cookies):<\/strong><\/p>\n<p>Nasza strona internetowa mo\u017ce korzysta\u0107 z plik\u00f3w cookies w celu ulepszenia jako\u015bci us\u0142ug oraz zapewnienia lepszej nawigacji i personalizacji dla u\u017cytkownik\u00f3w. Pliki cookies to ma\u0142e pliki tekstowe przechowywane na Twoim urz\u0105dzeniu, kt\u00f3re pomagaj\u0105 nam analizowa\u0107 spos\u00f3b korzystania z naszej strony. Mo\u017cesz zarz\u0105dza\u0107 ustawieniami dotycz\u0105cymi plik\u00f3w cookies w swojej przegl\u0105darce internetowej, ale nale\u017cy pami\u0119ta\u0107, \u017ce niekt\u00f3re funkcje naszej strony mog\u0105 nie dzia\u0142a\u0107 poprawnie bez plik\u00f3w cookies.<\/p>\n<p><strong>3. RODO (Rozporz\u0105dzenie Og\u00f3lne o Ochronie Danych Osobowych):<\/strong><\/p>\n<p>Zgodnie z Rozporz\u0105dzeniem Og\u00f3lnym o Ochronie Danych Osobowych (RODO), dbamy o ochron\u0119 Twoich danych osobowych. W przypadku zbierania danych osobowych, takich jak adres e-mail czy dane kontaktowe, dok\u0142adamy wszelkich stara\u0144, aby zachowa\u0107 ich poufno\u015b\u0107 i zapewni\u0107 bezpiecze\u0144stwo przetwarzania. Nie udost\u0119pniamy tych danych osobom trzecim bez Twojej wyra\u017anej zgody.<\/p>\n<p>Administratorem danych osobowych jest wydawca portalu <a href=\"https:\/\/lokalneecho.online\">lokalneecho.pl<\/a> firma Marci\u015b<\/p>\n<p><strong>4. Kontakt:<\/strong><\/p>\n<p>Je\u015bli masz jakiekolwiek pytania dotycz\u0105ce naszej polityki prywatno\u015bci, plik\u00f3w cookies lub przetwarzania danych osobowych zgodnie z RODO, prosimy o kontakt za po\u015brednictwem [adresu e-mail <a href=\"mailto:redakcja@lokalneecho.pl\">redakcja@lokalneecho.pl<\/a><\/p>\n<p><strong>5. Aktualizacje:<\/strong><\/p>\n<p>Niniejsza polityka prywatno\u015bci, plik\u00f3w cookies i RODO mo\u017ce by\u0107 okresowo aktualizowana. Wszelkie zmiany zostan\u0105 opublikowane na tej stronie, dlatego zach\u0119camy do regularnego sprawdzania informacji.<\/p>\n<p>Dzi\u0119kujemy za korzystanie z naszej strony!<\/p>\n","protected":false},"excerpt":{"rendered":"<p>1. Polityka Prywatno\u015bci: Twoja prywatno\u015b\u0107 jest dla naszej firmy bardzo wa\u017cna. W ramach naszej polityki prywatno\u015bci zapewniamy, \u017ce wszelkie informacje, kt\u00f3re nam przekazujesz, s\u0105 traktowane z pe\u0142nym szacunkiem i poufno\u015bci\u0105. Niniejsza polityka okre\u015bla, jakie informacje zbieramy od u\u017cytkownik\u00f3w, w jaki spos\u00f3b je wykorzystujemy i zabezpieczamy. 2. Ciasteczka (Cookies): Nasza strona internetowa mo\u017ce korzysta\u0107 z plik\u00f3w [&hellip;]<\/p>\n","protected":false},"author":1,"featured_media":0,"parent":0,"menu_order":0,"comment_status":"closed","ping_status":"closed","template":"","meta":{"om_disable_all_campaigns":false,"_monsterinsights_skip_tracking":false,"_monsterinsights_sitenote_active":false,"_monsterinsights_sitenote_note":"","_monsterinsights_sitenote_category":0,"footnotes":""},"class_list":["post-53","page","type-page","status-publish","hentry"],"aioseo_notices":[],"amp_enabled":false,"_links":{"self":[{"href":"https:\/\/lokalneecho.online\/index.php?rest_route=\/wp\/v2\/pages\/53","targetHints":{"allow":["GET"]}}],"collection":[{"href":"https:\/\/lokalneecho.online\/index.php?rest_route=\/wp\/v2\/pages"}],"about":[{"href":"https:\/\/lokalneecho.online\/index.php?rest_route=\/wp\/v2\/types\/page"}],"author":[{"embeddable":true,"href":"https:\/\/lokalneecho.online\/index.php?rest_route=\/wp\/v2\/users\/1"}],"replies":[{"embeddable":true,"href":"https:\/\/lokalneecho.online\/index.php?rest_route=%2Fwp%2Fv2%2Fcomments&post=53"}],"version-history":[{"count":3,"href":"https:\/\/lokalneecho.online\/index.php?rest_route=\/wp\/v2\/pages\/53\/revisions"}],"predecessor-version":[{"id":288,"href":"https:\/\/lokalneecho.online\/index.php?rest_route=\/wp\/v2\/pages\/53\/revisions\/288"}],"wp:attachment":[{"href":"https:\/\/lokalneecho.online\/index.php?rest_route=%2Fwp%2Fv2%2Fmedia&parent=53"}],"curies":[{"name":"wp","href":"https:\/\/api.w.org\/{rel}","templated":true}]}}